{"id":2722,"date":"2017-03-28T11:28:14","date_gmt":"2017-03-28T10:28:14","guid":{"rendered":"http:\/\/www.cubil.com\/politica-de-privacidad\/"},"modified":"2018-06-06T10:01:18","modified_gmt":"2018-06-06T09:01:18","slug":"politica-de-privacidad","status":"publish","type":"page","link":"https:\/\/www.cubil.com\/ca\/politica-de-privacidad\/","title":{"rendered":"Pol\u00edtica de privacidad"},"content":{"rendered":"<p><strong>AVISO LEGAL:<\/strong><br \/>\nEn cumplimiento del art\u00edculo 10 de la Ley 34\/2002, de 11 de julio, de Servicios de la Sociedad de la Informaci\u00f3n y Comercio Electr\u00f3nico (LSSICE) a continuaci\u00f3n se detallan los datos identificativos de la empresa:<\/p>\n<p>Nombre empresa: CUBIL<br \/>\nRaz\u00f3n social: CUBIL, S.L.<br \/>\nNIF: B60110632<br \/>\nDirecci\u00f3n: CALLE ROSSELLO, 254 4\u00ba1\u00aa &#8211; 08036 &#8211; BARCELONA<br \/>\nTel\u00e9fono: 902 22 22 60<br \/>\nEmail: <a href=\"mailto:comercial@cubil.com\">comercial@cubil.com<\/a><\/p>\n<p>El presente aviso legal (en adelante, el &#8220;Aviso Legal&#8221;) regula el uso del sitio web: <a href=\"http:\/\/www.cubil.com\">www.cubil.com<\/a><\/p>\n<p><strong>FINALIDAD DEL TRATAMIENTO DE LOS DATOS Y CONSERVACION<\/strong><br \/>\nEn CUBIL S.L tratamos la informaci\u00f3n que nos facilita como cliente y de las personas de contacto que participen de la relaci\u00f3n comercial durante el per\u00edodo de vigencia de la misma con el fin de mantener la relaci\u00f3n contractual y comercial. Los datos obtenidos se conservar\u00e1n durante el mantenimiento del v\u00ednculo contractual con el cliente y despu\u00e9s de la finalizaci\u00f3n de la relaci\u00f3n, hasta que puedan exigirse responsabilidades de acuerdo con la legislaci\u00f3n vigente en \u00e1mbito mercantil, fiscal y para cumplir con las obligaciones relacionadas con el \u00e1mbito profesional.<\/p>\n<p><strong>LEGISLACI\u00d3N.<\/strong><br \/>\nCon car\u00e1cter general las relaciones entre CUBIL S.L. B60110632 con los Usuarios de sus servicios telem\u00e1ticos, presentes en este sitio web, se encuentran sometidas a la legislaci\u00f3n y jurisdicci\u00f3n espa\u00f1olas.<\/p>\n<p><strong>USO Y ACCESO DE USUARIOS.<\/strong><br \/>\nEl Usuario queda informado, y acepta, que el acceso a la presente web no supone, en modo alguno, el inicio de una relaci\u00f3n comercial con CUBIL, S.L. o cualquiera de sus delegaciones.<\/p>\n<p><strong>PROPIEDAD INTELECTUAL E INDUSTRIAL.<\/strong><br \/>\nLos derechos de propiedad intelectual del contenido de las p\u00e1ginas web, su dise\u00f1o gr\u00e1fico y c\u00f3digos son titularidad de CUBIL, S.L. y por tanto, queda prohibida su reproducci\u00f3n, distribuci\u00f3n, comunicaci\u00f3n p\u00fablica, transformaci\u00f3n o cualquier otra actividad que se pueda realizar con los contenidos de sus p\u00e1ginas web, ni aun citando las fuentes, salvo consentimiento expreso por escrito de CUBIL, S.L.<\/p>\n<p><strong>CONTENIDO DE LA WEB Y ENLACES (LINKS).<\/strong><br \/>\nCUBIL, S.L. se reserva el derecho a actualizar, modificar o eliminar la informaci\u00f3n contenida en sus p\u00e1ginas web pudiendo incluso limitar o no permitir el acceso a dicha informaci\u00f3n a ciertos usuarios.<\/p>\n<p>CUBIL, S.L. no asume responsabilidad alguna por la informaci\u00f3n contenida en p\u00e1ginas web de terceros a las que se pueda acceder por &#8220;links&#8221; o enlaces desde cualquier p\u00e1gina web propiedad de CUBIL, S.L. La presencia de &#8220;links&#8221; o enlaces en las p\u00e1ginas web de CUBIL, S.L. tiene finalidad meramente informativa y en ning\u00fan caso supone sugerencia, invitaci\u00f3n o recomendaci\u00f3n sobre los mismos.<\/p>\n<p>CUBIL S.L., inscrito en el Registro Mercantil de Barcelona Tomo 25021 Diario 585 1 Folio127 Hoja 82324<\/p>\n","protected":false},"excerpt":{"rendered":"<p>AVISO LEGAL: En cumplimiento del art\u00edculo 10 de la Ley 34\/2002, de 11 de julio, de Servicios de la Sociedad de la Informaci\u00f3n y Comercio Electr\u00f3nico<span class=\"excerpt-hellip\"> [\u2026]<\/span><\/p>\n","protected":false},"author":1,"featured_media":0,"parent":0,"menu_order":99,"comment_status":"closed","ping_status":"closed","template":"","meta":[],"_links":{"self":[{"href":"https:\/\/www.cubil.com\/ca\/wp-json\/wp\/v2\/pages\/2722"}],"collection":[{"href":"https:\/\/www.cubil.com\/ca\/wp-json\/wp\/v2\/pages"}],"about":[{"href":"https:\/\/www.cubil.com\/ca\/wp-json\/wp\/v2\/types\/page"}],"author":[{"embeddable":true,"href":"https:\/\/www.cubil.com\/ca\/wp-json\/wp\/v2\/users\/1"}],"replies":[{"embeddable":true,"href":"https:\/\/www.cubil.com\/ca\/wp-json\/wp\/v2\/comments?post=2722"}],"version-history":[{"count":6,"href":"https:\/\/www.cubil.com\/ca\/wp-json\/wp\/v2\/pages\/2722\/revisions"}],"predecessor-version":[{"id":3098,"href":"https:\/\/www.cubil.com\/ca\/wp-json\/wp\/v2\/pages\/2722\/revisions\/3098"}],"wp:attachment":[{"href":"https:\/\/www.cubil.com\/ca\/wp-json\/wp\/v2\/media?parent=2722"}],"curies":[{"name":"wp","href":"https:\/\/api.w.org\/{rel}","templated":true}]}}